{"id":1450,"date":"2024-01-24T05:50:40","date_gmt":"2024-01-24T05:50:40","guid":{"rendered":"https:\/\/hitechpiping.wpenginepowered.com\/about\/"},"modified":"2025-12-17T18:51:48","modified_gmt":"2025-12-17T18:51:48","slug":"a-propos","status":"publish","type":"page","link":"https:\/\/hitechpiping.ca\/fr\/a-propos\/","title":{"rendered":"\u00c0 propos"},"content":{"rendered":"","protected":false},"excerpt":{"rendered":"","protected":false},"author":2,"featured_media":0,"parent":0,"menu_order":0,"comment_status":"closed","ping_status":"closed","template":"","meta":{"footnotes":""},"class_list":["post-1450","page","type-page","status-publish","hentry"],"acf":[],"yoast_head":"<!-- This site is optimized with the Yoast SEO plugin v22.7 - https:\/\/yoast.com\/wordpress\/plugins\/seo\/ -->\n<title>\u00c0 propos | HiTech Piping<\/title>\n<meta name=\"description\" content=\"Plus de 35 ans d&#039;expertise. Nous proposons une large gamme de services sp\u00e9cialis\u00e9s sur mesure : tuyaux sur mesure, flexibles, raccords, solutions de gainage &amp; accessoires.\" \/>\n<meta name=\"robots\" content=\"index, follow, max-snippet:-1, max-image-preview:large, max-video-preview:-1\" \/>\n<link rel=\"canonical\" href=\"https:\/\/hitechpiping.ca\/fr\/a-propos\/\" \/>\n<meta property=\"og:locale\" content=\"fr_FR\" \/>\n<meta property=\"og:type\" content=\"article\" \/>\n<meta property=\"og:title\" content=\"\u00c0 propos | HiTech Piping\" \/>\n<meta property=\"og:description\" content=\"Plus de 35 ans d&#039;expertise. Nous proposons une large gamme de services sp\u00e9cialis\u00e9s sur mesure : tuyaux sur mesure, flexibles, raccords, solutions de gainage &amp; accessoires.\" \/>\n<meta property=\"og:url\" content=\"https:\/\/hitechpiping.ca\/fr\/a-propos\/\" \/>\n<meta property=\"og:site_name\" content=\"HiTech piping\" \/>\n<meta property=\"article:modified_time\" content=\"2025-12-17T18:51:48+00:00\" \/>\n<meta property=\"og:image\" content=\"https:\/\/hitechpiping.ca\/wp-content\/uploads\/2024\/02\/about-banner-mobile-1.jpg\" \/>\n\t<meta property=\"og:image:width\" content=\"1280\" \/>\n\t<meta property=\"og:image:height\" content=\"1001\" \/>\n\t<meta property=\"og:image:type\" content=\"image\/jpeg\" \/>\n<meta name=\"twitter:card\" content=\"summary_large_image\" \/>\n<meta name=\"twitter:title\" content=\"\u00c0 propos | HiTech Piping\" \/>\n<meta name=\"twitter:description\" content=\"Plus de 35 ans d&#039;expertise. Nous proposons une large gamme de services sp\u00e9cialis\u00e9s sur mesure : tuyaux sur mesure, flexibles, raccords, solutions de gainage &amp; accessoires.\" \/>\n<meta name=\"twitter:image\" content=\"https:\/\/hitechpiping.ca\/wp-content\/uploads\/2024\/02\/about-banner-mobile-1.jpg\" \/>\n<script type=\"application\/ld+json\" class=\"yoast-schema-graph\">{\"@context\":\"https:\/\/schema.org\",\"@graph\":[{\"@type\":\"WebPage\",\"@id\":\"https:\/\/hitechpiping.ca\/fr\/a-propos\/\",\"url\":\"https:\/\/hitechpiping.ca\/fr\/a-propos\/\",\"name\":\"\u00c0 propos | HiTech Piping\",\"isPartOf\":{\"@id\":\"https:\/\/hitechpiping.ca\/fr\/#website\"},\"datePublished\":\"2024-01-24T05:50:40+00:00\",\"dateModified\":\"2025-12-17T18:51:48+00:00\",\"description\":\"Plus de 35 ans d'expertise. Nous proposons une large gamme de services sp\u00e9cialis\u00e9s sur mesure : tuyaux sur mesure, flexibles, raccords, solutions de gainage & accessoires.\",\"breadcrumb\":{\"@id\":\"https:\/\/hitechpiping.ca\/fr\/a-propos\/#breadcrumb\"},\"inLanguage\":\"fr-FR\",\"potentialAction\":[{\"@type\":\"ReadAction\",\"target\":[\"https:\/\/hitechpiping.ca\/fr\/a-propos\/\"]}]},{\"@type\":\"BreadcrumbList\",\"@id\":\"https:\/\/hitechpiping.ca\/fr\/a-propos\/#breadcrumb\",\"itemListElement\":[{\"@type\":\"ListItem\",\"position\":1,\"name\":\"Home\",\"item\":\"https:\/\/hitechpiping.ca\/fr\/\"},{\"@type\":\"ListItem\",\"position\":2,\"name\":\"\u00c0 propos\"}]},{\"@type\":\"WebSite\",\"@id\":\"https:\/\/hitechpiping.ca\/fr\/#website\",\"url\":\"https:\/\/hitechpiping.ca\/fr\/\",\"name\":\"HiTech piping\",\"description\":\"Tuyaux | Piping\",\"potentialAction\":[{\"@type\":\"SearchAction\",\"target\":{\"@type\":\"EntryPoint\",\"urlTemplate\":\"https:\/\/hitechpiping.ca\/fr\/?s={search_term_string}\"},\"query-input\":\"required name=search_term_string\"}],\"inLanguage\":\"fr-FR\"}]}<\/script>\n<!-- \/ Yoast SEO plugin. -->","yoast_head_json":{"title":"\u00c0 propos | HiTech Piping","description":"Plus de 35 ans d'expertise. Nous proposons une large gamme de services sp\u00e9cialis\u00e9s sur mesure : tuyaux sur mesure, flexibles, raccords, solutions de gainage & accessoires.","robots":{"index":"index","follow":"follow","max-snippet":"max-snippet:-1","max-image-preview":"max-image-preview:large","max-video-preview":"max-video-preview:-1"},"canonical":"https:\/\/hitechpiping.ca\/fr\/a-propos\/","og_locale":"fr_FR","og_type":"article","og_title":"\u00c0 propos | HiTech Piping","og_description":"Plus de 35 ans d'expertise. Nous proposons une large gamme de services sp\u00e9cialis\u00e9s sur mesure : tuyaux sur mesure, flexibles, raccords, solutions de gainage & accessoires.","og_url":"https:\/\/hitechpiping.ca\/fr\/a-propos\/","og_site_name":"HiTech piping","article_modified_time":"2025-12-17T18:51:48+00:00","og_image":[{"width":1280,"height":1001,"url":"https:\/\/hitechpiping.ca\/wp-content\/uploads\/2024\/02\/about-banner-mobile-1.jpg","type":"image\/jpeg"}],"twitter_card":"summary_large_image","twitter_title":"\u00c0 propos | HiTech Piping","twitter_description":"Plus de 35 ans d'expertise. Nous proposons une large gamme de services sp\u00e9cialis\u00e9s sur mesure : tuyaux sur mesure, flexibles, raccords, solutions de gainage & accessoires.","twitter_image":"https:\/\/hitechpiping.ca\/wp-content\/uploads\/2024\/02\/about-banner-mobile-1.jpg","schema":{"@context":"https:\/\/schema.org","@graph":[{"@type":"WebPage","@id":"https:\/\/hitechpiping.ca\/fr\/a-propos\/","url":"https:\/\/hitechpiping.ca\/fr\/a-propos\/","name":"\u00c0 propos | HiTech Piping","isPartOf":{"@id":"https:\/\/hitechpiping.ca\/fr\/#website"},"datePublished":"2024-01-24T05:50:40+00:00","dateModified":"2025-12-17T18:51:48+00:00","description":"Plus de 35 ans d'expertise. Nous proposons une large gamme de services sp\u00e9cialis\u00e9s sur mesure : tuyaux sur mesure, flexibles, raccords, solutions de gainage & accessoires.","breadcrumb":{"@id":"https:\/\/hitechpiping.ca\/fr\/a-propos\/#breadcrumb"},"inLanguage":"fr-FR","potentialAction":[{"@type":"ReadAction","target":["https:\/\/hitechpiping.ca\/fr\/a-propos\/"]}]},{"@type":"BreadcrumbList","@id":"https:\/\/hitechpiping.ca\/fr\/a-propos\/#breadcrumb","itemListElement":[{"@type":"ListItem","position":1,"name":"Home","item":"https:\/\/hitechpiping.ca\/fr\/"},{"@type":"ListItem","position":2,"name":"\u00c0 propos"}]},{"@type":"WebSite","@id":"https:\/\/hitechpiping.ca\/fr\/#website","url":"https:\/\/hitechpiping.ca\/fr\/","name":"HiTech piping","description":"Tuyaux | Piping","potentialAction":[{"@type":"SearchAction","target":{"@type":"EntryPoint","urlTemplate":"https:\/\/hitechpiping.ca\/fr\/?s={search_term_string}"},"query-input":"required name=search_term_string"}],"inLanguage":"fr-FR"}]}},"_links":{"self":[{"href":"https:\/\/hitechpiping.ca\/fr\/wp-json\/wp\/v2\/pages\/1450","targetHints":{"allow":["GET"]}}],"collection":[{"href":"https:\/\/hitechpiping.ca\/fr\/wp-json\/wp\/v2\/pages"}],"about":[{"href":"https:\/\/hitechpiping.ca\/fr\/wp-json\/wp\/v2\/types\/page"}],"author":[{"embeddable":true,"href":"https:\/\/hitechpiping.ca\/fr\/wp-json\/wp\/v2\/users\/2"}],"replies":[{"embeddable":true,"href":"https:\/\/hitechpiping.ca\/fr\/wp-json\/wp\/v2\/comments?post=1450"}],"version-history":[{"count":0,"href":"https:\/\/hitechpiping.ca\/fr\/wp-json\/wp\/v2\/pages\/1450\/revisions"}],"wp:attachment":[{"href":"https:\/\/hitechpiping.ca\/fr\/wp-json\/wp\/v2\/media?parent=1450"}],"curies":[{"name":"wp","href":"https:\/\/api.w.org\/{rel}","templated":true}]}}