{"id":1453,"date":"2024-01-22T11:38:57","date_gmt":"2024-01-22T11:38:57","guid":{"rendered":"https:\/\/hitechpiping.wpenginepowered.com\/case-study-all\/"},"modified":"2024-04-12T01:29:52","modified_gmt":"2024-04-12T01:29:52","slug":"toutes-les-etudes-de-cas","status":"publish","type":"page","link":"https:\/\/hitechpiping.ca\/fr\/toutes-les-etudes-de-cas\/","title":{"rendered":"Toutes les \u00e9tudes de cas"},"content":{"rendered":"","protected":false},"excerpt":{"rendered":"","protected":false},"author":2,"featured_media":0,"parent":0,"menu_order":0,"comment_status":"closed","ping_status":"closed","template":"page-templates\/page-case-study-all.php","meta":{"footnotes":""},"class_list":["post-1453","page","type-page","status-publish","hentry"],"acf":[],"yoast_head":"<!-- This site is optimized with the Yoast SEO plugin v22.7 - https:\/\/yoast.com\/wordpress\/plugins\/seo\/ -->\n<title>Toutes les \u00c9tudes de cas: Transferts liquides et secs, tuyaux, flexibles | Hitech Piping<\/title>\n<meta name=\"description\" content=\"Lisez nos \u00e9tudes de cas pour obtenir des insights et trouver la solution id\u00e9ale pour vos transferts \u00e0 sec et de fluides, tuyaux et flexibles.\" \/>\n<meta name=\"robots\" content=\"index, follow, max-snippet:-1, max-image-preview:large, max-video-preview:-1\" \/>\n<link rel=\"canonical\" href=\"https:\/\/hitechpiping.ca\/fr\/toutes-les-etudes-de-cas\/\" \/>\n<meta property=\"og:locale\" content=\"fr_FR\" \/>\n<meta property=\"og:type\" content=\"article\" \/>\n<meta property=\"og:title\" content=\"Toutes les \u00c9tudes de cas: Transferts liquides et secs, tuyaux, flexibles | Hitech Piping\" \/>\n<meta property=\"og:description\" content=\"Lisez nos \u00e9tudes de cas pour obtenir des insights et trouver la solution id\u00e9ale pour vos transferts \u00e0 sec et de fluides, tuyaux et flexibles.\" \/>\n<meta property=\"og:url\" content=\"https:\/\/hitechpiping.ca\/fr\/toutes-les-etudes-de-cas\/\" \/>\n<meta property=\"og:site_name\" content=\"HiTech piping\" \/>\n<meta property=\"article:modified_time\" content=\"2024-04-12T01:29:52+00:00\" \/>\n<meta property=\"og:image\" content=\"https:\/\/hitechpiping.ca\/wp-content\/uploads\/2024\/01\/video-thumb.jpg\" \/>\n\t<meta property=\"og:image:width\" content=\"1502\" \/>\n\t<meta property=\"og:image:height\" content=\"836\" \/>\n\t<meta property=\"og:image:type\" content=\"image\/jpeg\" \/>\n<meta name=\"twitter:card\" content=\"summary_large_image\" \/>\n<meta name=\"twitter:title\" content=\"Toutes les \u00c9tudes de cas: Transferts liquides et secs, tuyaux, flexibles | Hitech Piping\" \/>\n<meta name=\"twitter:description\" content=\"Lisez nos \u00e9tudes de cas pour obtenir des insights et trouver la solution id\u00e9ale pour vos transferts \u00e0 sec et de fluides, tuyaux et flexibles.\" \/>\n<meta name=\"twitter:image\" content=\"https:\/\/hitechpiping.ca\/wp-content\/uploads\/2024\/01\/video-thumb.jpg\" \/>\n<script type=\"application\/ld+json\" class=\"yoast-schema-graph\">{\"@context\":\"https:\/\/schema.org\",\"@graph\":[{\"@type\":\"WebPage\",\"@id\":\"https:\/\/hitechpiping.ca\/fr\/toutes-les-etudes-de-cas\/\",\"url\":\"https:\/\/hitechpiping.ca\/fr\/toutes-les-etudes-de-cas\/\",\"name\":\"Toutes les \u00c9tudes de cas: Transferts liquides et secs, tuyaux, flexibles | Hitech Piping\",\"isPartOf\":{\"@id\":\"https:\/\/hitechpiping.ca\/fr\/#website\"},\"datePublished\":\"2024-01-22T11:38:57+00:00\",\"dateModified\":\"2024-04-12T01:29:52+00:00\",\"description\":\"Lisez nos \u00e9tudes de cas pour obtenir des insights et trouver la solution id\u00e9ale pour vos transferts \u00e0 sec et de fluides, tuyaux et flexibles.\",\"breadcrumb\":{\"@id\":\"https:\/\/hitechpiping.ca\/fr\/toutes-les-etudes-de-cas\/#breadcrumb\"},\"inLanguage\":\"fr-FR\",\"potentialAction\":[{\"@type\":\"ReadAction\",\"target\":[\"https:\/\/hitechpiping.ca\/fr\/toutes-les-etudes-de-cas\/\"]}]},{\"@type\":\"BreadcrumbList\",\"@id\":\"https:\/\/hitechpiping.ca\/fr\/toutes-les-etudes-de-cas\/#breadcrumb\",\"itemListElement\":[{\"@type\":\"ListItem\",\"position\":1,\"name\":\"Home\",\"item\":\"https:\/\/hitechpiping.ca\/fr\/\"},{\"@type\":\"ListItem\",\"position\":2,\"name\":\"Toutes les \u00e9tudes de cas\"}]},{\"@type\":\"WebSite\",\"@id\":\"https:\/\/hitechpiping.ca\/fr\/#website\",\"url\":\"https:\/\/hitechpiping.ca\/fr\/\",\"name\":\"HiTech piping\",\"description\":\"Tuyaux | Piping\",\"potentialAction\":[{\"@type\":\"SearchAction\",\"target\":{\"@type\":\"EntryPoint\",\"urlTemplate\":\"https:\/\/hitechpiping.ca\/fr\/?s={search_term_string}\"},\"query-input\":\"required name=search_term_string\"}],\"inLanguage\":\"fr-FR\"}]}<\/script>\n<!-- \/ Yoast SEO plugin. -->","yoast_head_json":{"title":"Toutes les \u00c9tudes de cas: Transferts liquides et secs, tuyaux, flexibles | Hitech Piping","description":"Lisez nos \u00e9tudes de cas pour obtenir des insights et trouver la solution id\u00e9ale pour vos transferts \u00e0 sec et de fluides, tuyaux et flexibles.","robots":{"index":"index","follow":"follow","max-snippet":"max-snippet:-1","max-image-preview":"max-image-preview:large","max-video-preview":"max-video-preview:-1"},"canonical":"https:\/\/hitechpiping.ca\/fr\/toutes-les-etudes-de-cas\/","og_locale":"fr_FR","og_type":"article","og_title":"Toutes les \u00c9tudes de cas: Transferts liquides et secs, tuyaux, flexibles | Hitech Piping","og_description":"Lisez nos \u00e9tudes de cas pour obtenir des insights et trouver la solution id\u00e9ale pour vos transferts \u00e0 sec et de fluides, tuyaux et flexibles.","og_url":"https:\/\/hitechpiping.ca\/fr\/toutes-les-etudes-de-cas\/","og_site_name":"HiTech piping","article_modified_time":"2024-04-12T01:29:52+00:00","og_image":[{"width":1502,"height":836,"url":"https:\/\/hitechpiping.ca\/wp-content\/uploads\/2024\/01\/video-thumb.jpg","type":"image\/jpeg"}],"twitter_card":"summary_large_image","twitter_title":"Toutes les \u00c9tudes de cas: Transferts liquides et secs, tuyaux, flexibles | Hitech Piping","twitter_description":"Lisez nos \u00e9tudes de cas pour obtenir des insights et trouver la solution id\u00e9ale pour vos transferts \u00e0 sec et de fluides, tuyaux et flexibles.","twitter_image":"https:\/\/hitechpiping.ca\/wp-content\/uploads\/2024\/01\/video-thumb.jpg","schema":{"@context":"https:\/\/schema.org","@graph":[{"@type":"WebPage","@id":"https:\/\/hitechpiping.ca\/fr\/toutes-les-etudes-de-cas\/","url":"https:\/\/hitechpiping.ca\/fr\/toutes-les-etudes-de-cas\/","name":"Toutes les \u00c9tudes de cas: Transferts liquides et secs, tuyaux, flexibles | Hitech Piping","isPartOf":{"@id":"https:\/\/hitechpiping.ca\/fr\/#website"},"datePublished":"2024-01-22T11:38:57+00:00","dateModified":"2024-04-12T01:29:52+00:00","description":"Lisez nos \u00e9tudes de cas pour obtenir des insights et trouver la solution id\u00e9ale pour vos transferts \u00e0 sec et de fluides, tuyaux et flexibles.","breadcrumb":{"@id":"https:\/\/hitechpiping.ca\/fr\/toutes-les-etudes-de-cas\/#breadcrumb"},"inLanguage":"fr-FR","potentialAction":[{"@type":"ReadAction","target":["https:\/\/hitechpiping.ca\/fr\/toutes-les-etudes-de-cas\/"]}]},{"@type":"BreadcrumbList","@id":"https:\/\/hitechpiping.ca\/fr\/toutes-les-etudes-de-cas\/#breadcrumb","itemListElement":[{"@type":"ListItem","position":1,"name":"Home","item":"https:\/\/hitechpiping.ca\/fr\/"},{"@type":"ListItem","position":2,"name":"Toutes les \u00e9tudes de cas"}]},{"@type":"WebSite","@id":"https:\/\/hitechpiping.ca\/fr\/#website","url":"https:\/\/hitechpiping.ca\/fr\/","name":"HiTech piping","description":"Tuyaux | Piping","potentialAction":[{"@type":"SearchAction","target":{"@type":"EntryPoint","urlTemplate":"https:\/\/hitechpiping.ca\/fr\/?s={search_term_string}"},"query-input":"required name=search_term_string"}],"inLanguage":"fr-FR"}]}},"_links":{"self":[{"href":"https:\/\/hitechpiping.ca\/fr\/wp-json\/wp\/v2\/pages\/1453","targetHints":{"allow":["GET"]}}],"collection":[{"href":"https:\/\/hitechpiping.ca\/fr\/wp-json\/wp\/v2\/pages"}],"about":[{"href":"https:\/\/hitechpiping.ca\/fr\/wp-json\/wp\/v2\/types\/page"}],"author":[{"embeddable":true,"href":"https:\/\/hitechpiping.ca\/fr\/wp-json\/wp\/v2\/users\/2"}],"replies":[{"embeddable":true,"href":"https:\/\/hitechpiping.ca\/fr\/wp-json\/wp\/v2\/comments?post=1453"}],"version-history":[{"count":0,"href":"https:\/\/hitechpiping.ca\/fr\/wp-json\/wp\/v2\/pages\/1453\/revisions"}],"wp:attachment":[{"href":"https:\/\/hitechpiping.ca\/fr\/wp-json\/wp\/v2\/media?parent=1453"}],"curies":[{"name":"wp","href":"https:\/\/api.w.org\/{rel}","templated":true}]}}