{"id":1462,"date":"2024-01-22T06:51:04","date_gmt":"2024-01-22T06:51:04","guid":{"rendered":"https:\/\/hitechpiping.wpenginepowered.com\/contact\/"},"modified":"2024-05-28T17:55:30","modified_gmt":"2024-05-28T17:55:30","slug":"contactez-nous","status":"publish","type":"page","link":"https:\/\/hitechpiping.ca\/fr\/contactez-nous\/","title":{"rendered":"Contactez-nous"},"content":{"rendered":"","protected":false},"excerpt":{"rendered":"","protected":false},"author":2,"featured_media":0,"parent":0,"menu_order":0,"comment_status":"closed","ping_status":"closed","template":"","meta":{"footnotes":""},"class_list":["post-1462","page","type-page","status-publish","hentry"],"acf":[],"yoast_head":"<!-- This site is optimized with the Yoast SEO plugin v22.7 - https:\/\/yoast.com\/wordpress\/plugins\/seo\/ -->\n<title>Contactez-nous | HiTech Piping<\/title>\n<meta name=\"description\" content=\"Contactez-nous pour d\u00e9couvrir comment nos produits et services peuvent b\u00e9n\u00e9ficier \u00e0 votre entreprise dans les secteurs pharmaceutique, alimentaire, chimique et autres.\" \/>\n<meta name=\"robots\" content=\"index, follow, max-snippet:-1, max-image-preview:large, max-video-preview:-1\" \/>\n<link rel=\"canonical\" href=\"https:\/\/hitechpiping.ca\/fr\/contactez-nous\/\" \/>\n<meta property=\"og:locale\" content=\"fr_FR\" \/>\n<meta property=\"og:type\" content=\"article\" \/>\n<meta property=\"og:title\" content=\"Contactez-nous | HiTech Piping\" \/>\n<meta property=\"og:description\" content=\"Contactez-nous pour d\u00e9couvrir comment nos produits et services peuvent b\u00e9n\u00e9ficier \u00e0 votre entreprise dans les secteurs pharmaceutique, alimentaire, chimique et autres.\" \/>\n<meta property=\"og:url\" content=\"https:\/\/hitechpiping.ca\/fr\/contactez-nous\/\" \/>\n<meta property=\"og:site_name\" content=\"HiTech piping\" \/>\n<meta property=\"article:modified_time\" content=\"2024-05-28T17:55:30+00:00\" \/>\n<meta property=\"og:image\" content=\"https:\/\/hitechpiping.ca\/wp-content\/uploads\/2024\/02\/contact-banner-mobile-1.jpg\" \/>\n\t<meta property=\"og:image:width\" content=\"1280\" \/>\n\t<meta property=\"og:image:height\" content=\"1000\" \/>\n\t<meta property=\"og:image:type\" content=\"image\/jpeg\" \/>\n<meta name=\"twitter:card\" content=\"summary_large_image\" \/>\n<meta name=\"twitter:title\" content=\"Contactez-nous | HiTech Piping\" \/>\n<meta name=\"twitter:description\" content=\"Contactez-nous pour d\u00e9couvrir comment nos produits et services peuvent b\u00e9n\u00e9ficier \u00e0 votre entreprise dans les secteurs pharmaceutique, alimentaire, chimique et autres.\" \/>\n<meta name=\"twitter:image\" content=\"https:\/\/hitechpiping.ca\/wp-content\/uploads\/2024\/02\/contact-banner-mobile-1.jpg\" \/>\n<script type=\"application\/ld+json\" class=\"yoast-schema-graph\">{\"@context\":\"https:\/\/schema.org\",\"@graph\":[{\"@type\":\"WebPage\",\"@id\":\"https:\/\/hitechpiping.ca\/fr\/contactez-nous\/\",\"url\":\"https:\/\/hitechpiping.ca\/fr\/contactez-nous\/\",\"name\":\"Contactez-nous | HiTech Piping\",\"isPartOf\":{\"@id\":\"https:\/\/hitechpiping.ca\/fr\/#website\"},\"datePublished\":\"2024-01-22T06:51:04+00:00\",\"dateModified\":\"2024-05-28T17:55:30+00:00\",\"description\":\"Contactez-nous pour d\u00e9couvrir comment nos produits et services peuvent b\u00e9n\u00e9ficier \u00e0 votre entreprise dans les secteurs pharmaceutique, alimentaire, chimique et autres.\",\"breadcrumb\":{\"@id\":\"https:\/\/hitechpiping.ca\/fr\/contactez-nous\/#breadcrumb\"},\"inLanguage\":\"fr-FR\",\"potentialAction\":[{\"@type\":\"ReadAction\",\"target\":[\"https:\/\/hitechpiping.ca\/fr\/contactez-nous\/\"]}]},{\"@type\":\"BreadcrumbList\",\"@id\":\"https:\/\/hitechpiping.ca\/fr\/contactez-nous\/#breadcrumb\",\"itemListElement\":[{\"@type\":\"ListItem\",\"position\":1,\"name\":\"Home\",\"item\":\"https:\/\/hitechpiping.ca\/fr\/\"},{\"@type\":\"ListItem\",\"position\":2,\"name\":\"Contactez-nous\"}]},{\"@type\":\"WebSite\",\"@id\":\"https:\/\/hitechpiping.ca\/fr\/#website\",\"url\":\"https:\/\/hitechpiping.ca\/fr\/\",\"name\":\"HiTech piping\",\"description\":\"Tuyaux | Piping\",\"potentialAction\":[{\"@type\":\"SearchAction\",\"target\":{\"@type\":\"EntryPoint\",\"urlTemplate\":\"https:\/\/hitechpiping.ca\/fr\/?s={search_term_string}\"},\"query-input\":\"required name=search_term_string\"}],\"inLanguage\":\"fr-FR\"}]}<\/script>\n<!-- \/ Yoast SEO plugin. -->","yoast_head_json":{"title":"Contactez-nous | HiTech Piping","description":"Contactez-nous pour d\u00e9couvrir comment nos produits et services peuvent b\u00e9n\u00e9ficier \u00e0 votre entreprise dans les secteurs pharmaceutique, alimentaire, chimique et autres.","robots":{"index":"index","follow":"follow","max-snippet":"max-snippet:-1","max-image-preview":"max-image-preview:large","max-video-preview":"max-video-preview:-1"},"canonical":"https:\/\/hitechpiping.ca\/fr\/contactez-nous\/","og_locale":"fr_FR","og_type":"article","og_title":"Contactez-nous | HiTech Piping","og_description":"Contactez-nous pour d\u00e9couvrir comment nos produits et services peuvent b\u00e9n\u00e9ficier \u00e0 votre entreprise dans les secteurs pharmaceutique, alimentaire, chimique et autres.","og_url":"https:\/\/hitechpiping.ca\/fr\/contactez-nous\/","og_site_name":"HiTech piping","article_modified_time":"2024-05-28T17:55:30+00:00","og_image":[{"width":1280,"height":1000,"url":"https:\/\/hitechpiping.ca\/wp-content\/uploads\/2024\/02\/contact-banner-mobile-1.jpg","type":"image\/jpeg"}],"twitter_card":"summary_large_image","twitter_title":"Contactez-nous | HiTech Piping","twitter_description":"Contactez-nous pour d\u00e9couvrir comment nos produits et services peuvent b\u00e9n\u00e9ficier \u00e0 votre entreprise dans les secteurs pharmaceutique, alimentaire, chimique et autres.","twitter_image":"https:\/\/hitechpiping.ca\/wp-content\/uploads\/2024\/02\/contact-banner-mobile-1.jpg","schema":{"@context":"https:\/\/schema.org","@graph":[{"@type":"WebPage","@id":"https:\/\/hitechpiping.ca\/fr\/contactez-nous\/","url":"https:\/\/hitechpiping.ca\/fr\/contactez-nous\/","name":"Contactez-nous | HiTech Piping","isPartOf":{"@id":"https:\/\/hitechpiping.ca\/fr\/#website"},"datePublished":"2024-01-22T06:51:04+00:00","dateModified":"2024-05-28T17:55:30+00:00","description":"Contactez-nous pour d\u00e9couvrir comment nos produits et services peuvent b\u00e9n\u00e9ficier \u00e0 votre entreprise dans les secteurs pharmaceutique, alimentaire, chimique et autres.","breadcrumb":{"@id":"https:\/\/hitechpiping.ca\/fr\/contactez-nous\/#breadcrumb"},"inLanguage":"fr-FR","potentialAction":[{"@type":"ReadAction","target":["https:\/\/hitechpiping.ca\/fr\/contactez-nous\/"]}]},{"@type":"BreadcrumbList","@id":"https:\/\/hitechpiping.ca\/fr\/contactez-nous\/#breadcrumb","itemListElement":[{"@type":"ListItem","position":1,"name":"Home","item":"https:\/\/hitechpiping.ca\/fr\/"},{"@type":"ListItem","position":2,"name":"Contactez-nous"}]},{"@type":"WebSite","@id":"https:\/\/hitechpiping.ca\/fr\/#website","url":"https:\/\/hitechpiping.ca\/fr\/","name":"HiTech piping","description":"Tuyaux | Piping","potentialAction":[{"@type":"SearchAction","target":{"@type":"EntryPoint","urlTemplate":"https:\/\/hitechpiping.ca\/fr\/?s={search_term_string}"},"query-input":"required name=search_term_string"}],"inLanguage":"fr-FR"}]}},"_links":{"self":[{"href":"https:\/\/hitechpiping.ca\/fr\/wp-json\/wp\/v2\/pages\/1462","targetHints":{"allow":["GET"]}}],"collection":[{"href":"https:\/\/hitechpiping.ca\/fr\/wp-json\/wp\/v2\/pages"}],"about":[{"href":"https:\/\/hitechpiping.ca\/fr\/wp-json\/wp\/v2\/types\/page"}],"author":[{"embeddable":true,"href":"https:\/\/hitechpiping.ca\/fr\/wp-json\/wp\/v2\/users\/2"}],"replies":[{"embeddable":true,"href":"https:\/\/hitechpiping.ca\/fr\/wp-json\/wp\/v2\/comments?post=1462"}],"version-history":[{"count":0,"href":"https:\/\/hitechpiping.ca\/fr\/wp-json\/wp\/v2\/pages\/1462\/revisions"}],"wp:attachment":[{"href":"https:\/\/hitechpiping.ca\/fr\/wp-json\/wp\/v2\/media?parent=1462"}],"curies":[{"name":"wp","href":"https:\/\/api.w.org\/{rel}","templated":true}]}}