{"id":1468,"date":"2024-01-18T12:00:49","date_gmt":"2024-01-18T12:00:49","guid":{"rendered":"https:\/\/hitechpiping.wpenginepowered.com\/product-by-industry\/"},"modified":"2024-05-23T02:32:20","modified_gmt":"2024-05-23T02:32:20","slug":"produits-par-industrie","status":"publish","type":"page","link":"https:\/\/hitechpiping.ca\/fr\/produits-par-industrie\/","title":{"rendered":"Produits par industrie"},"content":{"rendered":"","protected":false},"excerpt":{"rendered":"","protected":false},"author":2,"featured_media":0,"parent":0,"menu_order":0,"comment_status":"closed","ping_status":"closed","template":"page-templates\/page-products-by-Industry.php","meta":{"footnotes":""},"class_list":["post-1468","page","type-page","status-publish","hentry"],"acf":[],"yoast_head":"<!-- This site is optimized with the Yoast SEO plugin v22.7 - https:\/\/yoast.com\/wordpress\/plugins\/seo\/ -->\n<title>Produits par industrie | HiTech Piping<\/title>\n<meta name=\"description\" content=\"D\u00e9couvrez l&#039;expertise de Hitech pour des solutions adapt\u00e9es sur mesure \u00e0 divers secteurs. Notre \u00e9quipe assure un support complet pour vos besoins sp\u00e9cifiques.\" \/>\n<meta name=\"robots\" content=\"index, follow, max-snippet:-1, max-image-preview:large, max-video-preview:-1\" \/>\n<link rel=\"canonical\" href=\"https:\/\/hitechpiping.ca\/fr\/produits-par-industrie\/\" \/>\n<meta property=\"og:locale\" content=\"fr_FR\" \/>\n<meta property=\"og:type\" content=\"article\" \/>\n<meta property=\"og:title\" content=\"Produits par industrie | HiTech Piping\" \/>\n<meta property=\"og:description\" content=\"D\u00e9couvrez l&#039;expertise de Hitech pour des solutions adapt\u00e9es sur mesure \u00e0 divers secteurs. Notre \u00e9quipe assure un support complet pour vos besoins sp\u00e9cifiques.\" \/>\n<meta property=\"og:url\" content=\"https:\/\/hitechpiping.ca\/fr\/produits-par-industrie\/\" \/>\n<meta property=\"og:site_name\" content=\"HiTech piping\" \/>\n<meta property=\"article:modified_time\" content=\"2024-05-23T02:32:20+00:00\" \/>\n<meta property=\"og:image\" content=\"https:\/\/hitechpiping.ca\/wp-content\/uploads\/2024\/03\/Oil-and-gas-factory.jpeg\" \/>\n\t<meta property=\"og:image:width\" content=\"2000\" \/>\n\t<meta property=\"og:image:height\" content=\"1091\" \/>\n\t<meta property=\"og:image:type\" content=\"image\/jpeg\" \/>\n<meta name=\"twitter:card\" content=\"summary_large_image\" \/>\n<meta name=\"twitter:title\" content=\"Produits par industrie | HiTech Piping\" \/>\n<meta name=\"twitter:description\" content=\"D\u00e9couvrez l&#039;expertise de Hitech pour des solutions adapt\u00e9es sur mesure \u00e0 divers secteurs. Notre \u00e9quipe assure un support complet pour vos besoins sp\u00e9cifiques.\" \/>\n<meta name=\"twitter:image\" content=\"https:\/\/hitechpiping.ca\/wp-content\/uploads\/2024\/03\/Oil-and-gas-factory.jpeg\" \/>\n<script type=\"application\/ld+json\" class=\"yoast-schema-graph\">{\"@context\":\"https:\/\/schema.org\",\"@graph\":[{\"@type\":\"WebPage\",\"@id\":\"https:\/\/hitechpiping.ca\/fr\/produits-par-industrie\/\",\"url\":\"https:\/\/hitechpiping.ca\/fr\/produits-par-industrie\/\",\"name\":\"Produits par industrie | HiTech Piping\",\"isPartOf\":{\"@id\":\"https:\/\/hitechpiping.ca\/fr\/#website\"},\"datePublished\":\"2024-01-18T12:00:49+00:00\",\"dateModified\":\"2024-05-23T02:32:20+00:00\",\"description\":\"D\u00e9couvrez l'expertise de Hitech pour des solutions adapt\u00e9es sur mesure \u00e0 divers secteurs. Notre \u00e9quipe assure un support complet pour vos besoins sp\u00e9cifiques.\",\"breadcrumb\":{\"@id\":\"https:\/\/hitechpiping.ca\/fr\/produits-par-industrie\/#breadcrumb\"},\"inLanguage\":\"fr-FR\",\"potentialAction\":[{\"@type\":\"ReadAction\",\"target\":[\"https:\/\/hitechpiping.ca\/fr\/produits-par-industrie\/\"]}]},{\"@type\":\"BreadcrumbList\",\"@id\":\"https:\/\/hitechpiping.ca\/fr\/produits-par-industrie\/#breadcrumb\",\"itemListElement\":[{\"@type\":\"ListItem\",\"position\":1,\"name\":\"Home\",\"item\":\"https:\/\/hitechpiping.ca\/fr\/\"},{\"@type\":\"ListItem\",\"position\":2,\"name\":\"Produits par industrie\"}]},{\"@type\":\"WebSite\",\"@id\":\"https:\/\/hitechpiping.ca\/fr\/#website\",\"url\":\"https:\/\/hitechpiping.ca\/fr\/\",\"name\":\"HiTech piping\",\"description\":\"Tuyaux | Piping\",\"potentialAction\":[{\"@type\":\"SearchAction\",\"target\":{\"@type\":\"EntryPoint\",\"urlTemplate\":\"https:\/\/hitechpiping.ca\/fr\/?s={search_term_string}\"},\"query-input\":\"required name=search_term_string\"}],\"inLanguage\":\"fr-FR\"}]}<\/script>\n<!-- \/ Yoast SEO plugin. -->","yoast_head_json":{"title":"Produits par industrie | HiTech Piping","description":"D\u00e9couvrez l'expertise de Hitech pour des solutions adapt\u00e9es sur mesure \u00e0 divers secteurs. Notre \u00e9quipe assure un support complet pour vos besoins sp\u00e9cifiques.","robots":{"index":"index","follow":"follow","max-snippet":"max-snippet:-1","max-image-preview":"max-image-preview:large","max-video-preview":"max-video-preview:-1"},"canonical":"https:\/\/hitechpiping.ca\/fr\/produits-par-industrie\/","og_locale":"fr_FR","og_type":"article","og_title":"Produits par industrie | HiTech Piping","og_description":"D\u00e9couvrez l'expertise de Hitech pour des solutions adapt\u00e9es sur mesure \u00e0 divers secteurs. Notre \u00e9quipe assure un support complet pour vos besoins sp\u00e9cifiques.","og_url":"https:\/\/hitechpiping.ca\/fr\/produits-par-industrie\/","og_site_name":"HiTech piping","article_modified_time":"2024-05-23T02:32:20+00:00","og_image":[{"width":2000,"height":1091,"url":"https:\/\/hitechpiping.ca\/wp-content\/uploads\/2024\/03\/Oil-and-gas-factory.jpeg","type":"image\/jpeg"}],"twitter_card":"summary_large_image","twitter_title":"Produits par industrie | HiTech Piping","twitter_description":"D\u00e9couvrez l'expertise de Hitech pour des solutions adapt\u00e9es sur mesure \u00e0 divers secteurs. Notre \u00e9quipe assure un support complet pour vos besoins sp\u00e9cifiques.","twitter_image":"https:\/\/hitechpiping.ca\/wp-content\/uploads\/2024\/03\/Oil-and-gas-factory.jpeg","schema":{"@context":"https:\/\/schema.org","@graph":[{"@type":"WebPage","@id":"https:\/\/hitechpiping.ca\/fr\/produits-par-industrie\/","url":"https:\/\/hitechpiping.ca\/fr\/produits-par-industrie\/","name":"Produits par industrie | HiTech Piping","isPartOf":{"@id":"https:\/\/hitechpiping.ca\/fr\/#website"},"datePublished":"2024-01-18T12:00:49+00:00","dateModified":"2024-05-23T02:32:20+00:00","description":"D\u00e9couvrez l'expertise de Hitech pour des solutions adapt\u00e9es sur mesure \u00e0 divers secteurs. Notre \u00e9quipe assure un support complet pour vos besoins sp\u00e9cifiques.","breadcrumb":{"@id":"https:\/\/hitechpiping.ca\/fr\/produits-par-industrie\/#breadcrumb"},"inLanguage":"fr-FR","potentialAction":[{"@type":"ReadAction","target":["https:\/\/hitechpiping.ca\/fr\/produits-par-industrie\/"]}]},{"@type":"BreadcrumbList","@id":"https:\/\/hitechpiping.ca\/fr\/produits-par-industrie\/#breadcrumb","itemListElement":[{"@type":"ListItem","position":1,"name":"Home","item":"https:\/\/hitechpiping.ca\/fr\/"},{"@type":"ListItem","position":2,"name":"Produits par industrie"}]},{"@type":"WebSite","@id":"https:\/\/hitechpiping.ca\/fr\/#website","url":"https:\/\/hitechpiping.ca\/fr\/","name":"HiTech piping","description":"Tuyaux | Piping","potentialAction":[{"@type":"SearchAction","target":{"@type":"EntryPoint","urlTemplate":"https:\/\/hitechpiping.ca\/fr\/?s={search_term_string}"},"query-input":"required name=search_term_string"}],"inLanguage":"fr-FR"}]}},"_links":{"self":[{"href":"https:\/\/hitechpiping.ca\/fr\/wp-json\/wp\/v2\/pages\/1468","targetHints":{"allow":["GET"]}}],"collection":[{"href":"https:\/\/hitechpiping.ca\/fr\/wp-json\/wp\/v2\/pages"}],"about":[{"href":"https:\/\/hitechpiping.ca\/fr\/wp-json\/wp\/v2\/types\/page"}],"author":[{"embeddable":true,"href":"https:\/\/hitechpiping.ca\/fr\/wp-json\/wp\/v2\/users\/2"}],"replies":[{"embeddable":true,"href":"https:\/\/hitechpiping.ca\/fr\/wp-json\/wp\/v2\/comments?post=1468"}],"version-history":[{"count":0,"href":"https:\/\/hitechpiping.ca\/fr\/wp-json\/wp\/v2\/pages\/1468\/revisions"}],"wp:attachment":[{"href":"https:\/\/hitechpiping.ca\/fr\/wp-json\/wp\/v2\/media?parent=1468"}],"curies":[{"name":"wp","href":"https:\/\/api.w.org\/{rel}","templated":true}]}}